{"id":3,"date":"2025-06-06T12:00:33","date_gmt":"2025-06-06T10:00:33","guid":{"rendered":"https:\/\/englishwithadrianna.pl\/?page_id=3"},"modified":"2025-06-13T13:06:46","modified_gmt":"2025-06-13T11:06:46","slug":"polityka-prywatnosci","status":"publish","type":"page","link":"https:\/\/englishwithadrianna.pl\/?page_id=3","title":{"rendered":"Polityka prywatno\u015bci."},"content":{"rendered":"\n<h2 class=\"wp-block-heading\">Polityka prywatno\u015bci zgodna z obowi\u0105zuj\u0105cymi przepisami prawa, w tym z Rozporz\u0105dzeniem Parlamentu Europejskiego i Rady (UE) 2016\/679 (RODO)<\/h2>\n\n\n\n<p>Wype\u0142niaj\u0105c formularz wyra\u017casz zgod\u0119 na przetwarzanie danych osobowych.<\/p>\n\n\n\n<ol class=\"wp-block-list\">\n<li>Administrator danych<br>English with Adrianna<br>Imi\u0119 i nazwisko w\u0142a\u015bcicielki: Adrianna Burchard<br>Adres e\u2011mail kontaktowy: contact@englishwithadrianna.pl<\/li>\n\n\n\n<li>Cel i podstawa prawna przetwarzania<\/li>\n<\/ol>\n\n\n\n<p>Kontakt poprzez formularz kontaktowy \u2013 na podstawie zgody (art. 6\u202fust.\u202f1\u202flit.\u202fa RODO)<\/p>\n\n\n\n<p>Obs\u0142uga strony (serwer, zabezpieczenia) \u2013 podstawa: prawnie uzasadniony interes<\/p>\n\n\n\n<ol start=\"3\" class=\"wp-block-list\">\n<li>Rodzaje przetwarzanych danych<\/li>\n<\/ol>\n\n\n\n<p>Imi\u0119, nazwisko i adres e\u2011mail (formularz kontaktowy)<\/p>\n\n\n\n<ol start=\"4\" class=\"wp-block-list\">\n<li>Udost\u0119pnianie danych<\/li>\n<\/ol>\n\n\n\n<p>Administrowanie przez us\u0142ugodawc\u0119 hostingu<\/p>\n\n\n\n<p>W \u017cadnym innym celu, bez zgody u\u017cytkownika<\/p>\n\n\n\n<ol start=\"5\" class=\"wp-block-list\">\n<li>Okres przechowywania<\/li>\n<\/ol>\n\n\n\n<p>Dane z formularza: do momentu ewentualnej pro\u015bby o ich usuni\u0119cie<\/p>\n\n\n\n<ol start=\"6\" class=\"wp-block-list\">\n<li>Prawa u\u017cytkownika<\/li>\n<\/ol>\n\n\n\n<p>Dost\u0119p do swoich danych<\/p>\n\n\n\n<p>Sprostowanie, usuni\u0119cie, ograniczenie przetwarzania<\/p>\n\n\n\n<p>Cofni\u0119cie zgody w dowolnym momencie<\/p>\n\n\n\n<p>Wniesienie skargi do organu nadzorczego (UODO w Polsce)<\/p>\n\n\n\n<p>Kontakt<br>W razie pyta\u0144 \u2013 prosz\u0119 o kontakt na adres e\u2011mail: contact@englishwithadrianna.pl<\/p>\n\n\n\n<p><\/p>\n","protected":false},"excerpt":{"rendered":"<p>Polityka prywatno\u015bci zgodna z obowi\u0105zuj\u0105cymi przepisami prawa, w tym z Rozporz\u0105dzeniem Parlamentu Europejskiego i Rady (UE) 2016\/679 (RODO) Wype\u0142niaj\u0105c formularz wyra\u017casz zgod\u0119 na przetwarzanie danych osobowych. Kontakt poprzez formularz kontaktowy \u2013 na podstawie zgody (art. 6\u202fust.\u202f1\u202flit.\u202fa RODO) Obs\u0142uga strony (serwer, zabezpieczenia) \u2013 podstawa: prawnie uzasadniony interes Imi\u0119, nazwisko i adres e\u2011mail (formularz kontaktowy) Administrowanie przez [&hellip;]<\/p>\n","protected":false},"author":1,"featured_media":0,"parent":0,"menu_order":0,"comment_status":"closed","ping_status":"open","template":"","meta":{"footnotes":""},"class_list":["post-3","page","type-page","status-publish","hentry"],"_links":{"self":[{"href":"https:\/\/englishwithadrianna.pl\/index.php?rest_route=\/wp\/v2\/pages\/3","targetHints":{"allow":["GET"]}}],"collection":[{"href":"https:\/\/englishwithadrianna.pl\/index.php?rest_route=\/wp\/v2\/pages"}],"about":[{"href":"https:\/\/englishwithadrianna.pl\/index.php?rest_route=\/wp\/v2\/types\/page"}],"author":[{"embeddable":true,"href":"https:\/\/englishwithadrianna.pl\/index.php?rest_route=\/wp\/v2\/users\/1"}],"replies":[{"embeddable":true,"href":"https:\/\/englishwithadrianna.pl\/index.php?rest_route=%2Fwp%2Fv2%2Fcomments&post=3"}],"version-history":[{"count":2,"href":"https:\/\/englishwithadrianna.pl\/index.php?rest_route=\/wp\/v2\/pages\/3\/revisions"}],"predecessor-version":[{"id":62,"href":"https:\/\/englishwithadrianna.pl\/index.php?rest_route=\/wp\/v2\/pages\/3\/revisions\/62"}],"wp:attachment":[{"href":"https:\/\/englishwithadrianna.pl\/index.php?rest_route=%2Fwp%2Fv2%2Fmedia&parent=3"}],"curies":[{"name":"wp","href":"https:\/\/api.w.org\/{rel}","templated":true}]}}